{"id":970,"date":"2017-06-12T20:18:58","date_gmt":"2017-06-12T20:18:58","guid":{"rendered":"https:\/\/newresidency.com\/?page_id=970"},"modified":"2025-07-03T04:54:32","modified_gmt":"2025-07-03T04:54:32","slug":"%d8%a8%d8%a7-%d9%85%d8%a7-%d8%aa%d9%85%d8%a7%d8%b3-%d8%a8%da%af%db%8c%d8%b1%db%8c%d8%af","status":"publish","type":"page","link":"https:\/\/newresidency.com\/fa\/%d8%a8%d8%a7-%d9%85%d8%a7-%d8%aa%d9%85%d8%a7%d8%b3-%d8%a8%da%af%db%8c%d8%b1%db%8c%d8%af","title":{"rendered":"\u0628\u0627 \u0645\u0627 \u062a\u0645\u0627\u0633 \u0628\u06af\u06cc\u0631\u06cc\u062f"},"content":{"rendered":"<p><!-- \u0628\u0627 \u0645\u0627 \u062a\u0645\u0627\u0633 \u0628\u06af\u06cc\u0631\u06cc\u062f: <a href=\"tel:+36205551055\" class=\"phone\">+3620-555-1055 <img decoding=\"async\" src=\"\/wp-content\/themes\/investment-residency\/img\/phone-icon-black.svg\" width=20 \/><\/a> <a class=\"phone\" href=\"viber:\/\/chat?number=+36205551055\"><img decoding=\"async\" src=\"\/wp-content\/themes\/investment-residency\/img\/viber-icon.svg\" width=20 \/><\/a> <a class=\"phone\" href=\"https:\/\/api.whatsapp.com\/send?phone=36205551055\"><img decoding=\"async\" src=\"\/wp-content\/themes\/investment-residency\/img\/whatsapp-icon.svg\" width=20 \/><\/a> <a class=\"phone\" href=\"https:\/\/t.me\/newresidency\"><img decoding=\"async\" src=\"\/wp-content\/themes\/investment-residency\/img\/telegram-icon.svg\" width=20 \/><\/a> -->Helpers Hungary Kft.<br \/>\n\u0627\u06cc\u0645\u06cc\u0644:\u00a0<script>var a=\"info\"+String.fromCharCode(64)+\"newresidency.com\";document.write(\"<a class=\\\"emailclick\\\" href=\\\"mailto:\"+a+\"\\\">\"+a+\"<\/a>\");<\/script><br \/>\n\u0646\u0634\u0627\u0646\u06cc: H-1117 Budapest, Domb\u00f3v\u00e1ri \u00fat 27, Hungary<\/p>\n<p>&nbsp;<\/p>\n","protected":false},"excerpt":{"rendered":"<p>Helpers Hungary Kft. \u0627\u06cc\u0645\u06cc\u0644:\u00a0 \u0646\u0634\u0627\u0646\u06cc: H-1117 Budapest, Domb\u00f3v\u00e1ri \u00fat 27, Hungary &nbsp;<\/p>\n","protected":false},"author":1,"featured_media":0,"parent":0,"menu_order":0,"comment_status":"closed","ping_status":"closed","template":"","meta":{"_acf_changed":false,"footnotes":""},"class_list":["post-970","page","type-page","status-publish","hentry"],"acf":[],"_links":{"self":[{"href":"https:\/\/newresidency.com\/fa\/wp-json\/wp\/v2\/pages\/970","targetHints":{"allow":["GET"]}}],"collection":[{"href":"https:\/\/newresidency.com\/fa\/wp-json\/wp\/v2\/pages"}],"about":[{"href":"https:\/\/newresidency.com\/fa\/wp-json\/wp\/v2\/types\/page"}],"author":[{"embeddable":true,"href":"https:\/\/newresidency.com\/fa\/wp-json\/wp\/v2\/users\/1"}],"replies":[{"embeddable":true,"href":"https:\/\/newresidency.com\/fa\/wp-json\/wp\/v2\/comments?post=970"}],"version-history":[{"count":9,"href":"https:\/\/newresidency.com\/fa\/wp-json\/wp\/v2\/pages\/970\/revisions"}],"predecessor-version":[{"id":2104,"href":"https:\/\/newresidency.com\/fa\/wp-json\/wp\/v2\/pages\/970\/revisions\/2104"}],"wp:attachment":[{"href":"https:\/\/newresidency.com\/fa\/wp-json\/wp\/v2\/media?parent=970"}],"curies":[{"name":"wp","href":"https:\/\/api.w.org\/{rel}","templated":true}]}}