{"id":700,"date":"2017-05-27T06:24:34","date_gmt":"2017-05-27T06:24:34","guid":{"rendered":"https:\/\/newresidency.com\/?page_id=700\/"},"modified":"2025-07-03T04:54:23","modified_gmt":"2025-07-03T04:54:23","slug":"%d8%a7%d8%aa%d8%b5%d9%84-%d8%a8%d9%86%d8%a7","status":"publish","type":"page","link":"https:\/\/newresidency.com\/ar\/%d8%a7%d8%aa%d8%b5%d9%84-%d8%a8%d9%86%d8%a7","title":{"rendered":"\u0627\u062a\u0635\u0644 \u0628\u0646\u0627"},"content":{"rendered":"<p><!-- \u0627\u062a\u0635\u0644 \u0628\u0646\u0627: <a href=\"tel:+36205551055\" class=\"phone\">+3620-555-1055 <img decoding=\"async\" src=\"\/wp-content\/themes\/investment-residency\/img\/phone-icon-black.svg\" width=20 \/><\/a> <a class=\"phone\" href=\"viber:\/\/chat?number=+36205551055\"><img decoding=\"async\" src=\"\/wp-content\/themes\/investment-residency\/img\/viber-icon.svg\" width=20 \/><\/a> <a class=\"phone\" href=\"https:\/\/api.whatsapp.com\/send?phone=36205551055\"><img decoding=\"async\" src=\"\/wp-content\/themes\/investment-residency\/img\/whatsapp-icon.svg\" width=20 \/><\/a> <a class=\"phone\" href=\"https:\/\/t.me\/newresidency\"><img decoding=\"async\" src=\"\/wp-content\/themes\/investment-residency\/img\/telegram-icon.svg\" width=20 \/><\/a> -->Helpers Hungary Kft.<br \/>\n\u0627\u0644\u0628\u0631\u064a\u062f \u0627\u0644\u0625\u0644\u0643\u062a\u0631\u0648\u0646\u064a:\u00a0<script>var a=\"info\"+String.fromCharCode(64)+\"newresidency.com\";document.write(\"<a class=\\\"emailclick\\\" href=\\\"mailto:\"+a+\"\\\">\"+a+\"<\/a>\");<\/script><br \/>\n\u0627\u0644\u0639\u0646\u0648\u0627\u0646: H-1117 Budapest, Domb\u00f3v\u00e1ri \u00fat 27, Hungary<\/p>\n<p>&nbsp;<\/p>\n","protected":false},"excerpt":{"rendered":"<p>Helpers Hungary Kft. \u0627\u0644\u0628\u0631\u064a\u062f \u0627\u0644\u0625\u0644\u0643\u062a\u0631\u0648\u0646\u064a:\u00a0 \u0627\u0644\u0639\u0646\u0648\u0627\u0646: H-1117 Budapest, Domb\u00f3v\u00e1ri \u00fat 27, Hungary &nbsp;<\/p>\n","protected":false},"author":1,"featured_media":0,"parent":0,"menu_order":0,"comment_status":"closed","ping_status":"closed","template":"","meta":{"_acf_changed":false,"footnotes":""},"class_list":["post-700","page","type-page","status-publish","hentry"],"acf":[],"_links":{"self":[{"href":"https:\/\/newresidency.com\/ar\/wp-json\/wp\/v2\/pages\/700","targetHints":{"allow":["GET"]}}],"collection":[{"href":"https:\/\/newresidency.com\/ar\/wp-json\/wp\/v2\/pages"}],"about":[{"href":"https:\/\/newresidency.com\/ar\/wp-json\/wp\/v2\/types\/page"}],"author":[{"embeddable":true,"href":"https:\/\/newresidency.com\/ar\/wp-json\/wp\/v2\/users\/1"}],"replies":[{"embeddable":true,"href":"https:\/\/newresidency.com\/ar\/wp-json\/wp\/v2\/comments?post=700"}],"version-history":[{"count":11,"href":"https:\/\/newresidency.com\/ar\/wp-json\/wp\/v2\/pages\/700\/revisions"}],"predecessor-version":[{"id":2103,"href":"https:\/\/newresidency.com\/ar\/wp-json\/wp\/v2\/pages\/700\/revisions\/2103"}],"wp:attachment":[{"href":"https:\/\/newresidency.com\/ar\/wp-json\/wp\/v2\/media?parent=700"}],"curies":[{"name":"wp","href":"https:\/\/api.w.org\/{rel}","templated":true}]}}